{"id":1,"date":"2023-05-22T17:08:05","date_gmt":"2023-05-22T17:08:05","guid":{"rendered":"https:\/?page_id=1"},"modified":"2023-11-21T20:16:01","modified_gmt":"2023-11-21T19:16:01","slug":"acerca-de","status":"publish","type":"page","link":"https:\/\/milinmueble.com\/en\/acerca-de\/","title":{"rendered":"Acerca de"},"content":{"rendered":"<p class=\"wp-block-paragraph\"><\/p>\n\n\n\n<p class=\"has-text-color has-link-color has-large-font-size wp-elements-592fe300c14f0716d04855139f668db1 wp-block-paragraph\" style=\"color:#1c468b\"><strong>Acerca de<\/strong><\/p>\n\n\n\n<p class=\"wp-block-paragraph\"><\/p>\n\n\n<p>Este es un ejemplo de p\u00e1gina. A diferencia de las entradas, que se muestran en la p\u00e1gina de inicio de tu blog en el orden en que se publicaron, las p\u00e1ginas se ajustan mejor a un contenido atemporal que usted quiere que sean m\u00e1s accesibles, como tus datos de contacto o la informaci\u00f3n acerca de ti. Haz clic en el enlace \u201cEditar\u201d para realizar cambios en esta p\u00e1gina o <a title=\"Enlace directo para a\u00f1adir una p\u00e1gina nueva en el escritorio\" href=\"https:\/\/wordpress.com\/page\/219310304\/new\/\">a\u00f1adir otra p\u00e1gina<\/a>.<\/p>","protected":false},"excerpt":{"rendered":"<p>Acerca de<\/p>","protected":false},"author":235586845,"featured_media":687,"parent":0,"menu_order":0,"comment_status":"closed","ping_status":"open","template":"","meta":{"_editorskit_title_hidden":false,"_editorskit_reading_time":0,"_editorskit_is_block_options_detached":false,"_editorskit_block_options_position":"{}","_crdt_document":"","_uag_custom_page_level_css":"","footnotes":""},"class_list":["post-1","page","type-page","status-publish","has-post-thumbnail","hentry"],"uagb_featured_image_src":{"full":["https:\/\/milinmueble.com\/wp-content\/uploads\/2023\/11\/LOGO-CUADRADO-FAVICOM.png",398,403,false],"thumbnail":["https:\/\/milinmueble.com\/wp-content\/uploads\/2023\/11\/LOGO-CUADRADO-FAVICOM-150x150.png",150,150,true],"medium":["https:\/\/milinmueble.com\/wp-content\/uploads\/2023\/11\/LOGO-CUADRADO-FAVICOM-296x300.png",296,300,true],"medium_large":["https:\/\/milinmueble.com\/wp-content\/uploads\/2023\/11\/LOGO-CUADRADO-FAVICOM.png",398,403,false],"large":["https:\/\/milinmueble.com\/wp-content\/uploads\/2023\/11\/LOGO-CUADRADO-FAVICOM.png",398,403,false],"1536x1536":["https:\/\/milinmueble.com\/wp-content\/uploads\/2023\/11\/LOGO-CUADRADO-FAVICOM.png",398,403,false],"2048x2048":["https:\/\/milinmueble.com\/wp-content\/uploads\/2023\/11\/LOGO-CUADRADO-FAVICOM.png",398,403,false],"trp-custom-language-flag":["https:\/\/milinmueble.com\/wp-content\/uploads\/2023\/11\/LOGO-CUADRADO-FAVICOM-12x12.png",12,12,true],"hp_square_small":["https:\/\/milinmueble.com\/wp-content\/uploads\/2023\/11\/LOGO-CUADRADO-FAVICOM-398x400.png",398,400,true],"hp_landscape_small":["https:\/\/milinmueble.com\/wp-content\/uploads\/2023\/11\/LOGO-CUADRADO-FAVICOM-398x300.png",398,300,true],"hp_landscape_large":["https:\/\/milinmueble.com\/wp-content\/uploads\/2023\/11\/LOGO-CUADRADO-FAVICOM.png",398,403,false],"ht_landscape_small":["https:\/\/milinmueble.com\/wp-content\/uploads\/2023\/11\/LOGO-CUADRADO-FAVICOM-398x300.png",398,300,true],"ht_cover_large":["https:\/\/milinmueble.com\/wp-content\/uploads\/2023\/11\/LOGO-CUADRADO-FAVICOM.png",398,403,false],"woocommerce_thumbnail":["https:\/\/milinmueble.com\/wp-content\/uploads\/2023\/11\/LOGO-CUADRADO-FAVICOM-398x400.png",398,400,true],"woocommerce_single":["https:\/\/milinmueble.com\/wp-content\/uploads\/2023\/11\/LOGO-CUADRADO-FAVICOM.png",398,403,false],"woocommerce_gallery_thumbnail":["https:\/\/milinmueble.com\/wp-content\/uploads\/2023\/11\/LOGO-CUADRADO-FAVICOM-100x100.png",100,100,true]},"uagb_author_info":{"display_name":"milinmueble","author_link":"https:\/\/milinmueble.com\/en\/author\/milinmueble\/"},"uagb_comment_info":0,"uagb_excerpt":"Acerca de","_links":{"self":[{"href":"https:\/\/milinmueble.com\/en\/wp-json\/wp\/v2\/pages\/1","targetHints":{"allow":["GET"]}}],"collection":[{"href":"https:\/\/milinmueble.com\/en\/wp-json\/wp\/v2\/pages"}],"about":[{"href":"https:\/\/milinmueble.com\/en\/wp-json\/wp\/v2\/types\/page"}],"author":[{"embeddable":true,"href":"https:\/\/milinmueble.com\/en\/wp-json\/wp\/v2\/users\/235586845"}],"replies":[{"embeddable":true,"href":"https:\/\/milinmueble.com\/en\/wp-json\/wp\/v2\/comments?post=1"}],"version-history":[{"count":2,"href":"https:\/\/milinmueble.com\/en\/wp-json\/wp\/v2\/pages\/1\/revisions"}],"predecessor-version":[{"id":873,"href":"https:\/\/milinmueble.com\/en\/wp-json\/wp\/v2\/pages\/1\/revisions\/873"}],"wp:featuredmedia":[{"embeddable":true,"href":"https:\/\/milinmueble.com\/en\/wp-json\/wp\/v2\/media\/687"}],"wp:attachment":[{"href":"https:\/\/milinmueble.com\/en\/wp-json\/wp\/v2\/media?parent=1"}],"curies":[{"name":"wp","href":"https:\/\/api.w.org\/{rel}","templated":true}]}}