{"id":207,"date":"2023-11-15T00:44:52","date_gmt":"2023-11-14T23:44:52","guid":{"rendered":"https:\/?page_id=207"},"modified":"2023-11-21T20:27:06","modified_gmt":"2023-11-21T19:27:06","slug":"reembolso_devoluciones","status":"publish","type":"page","link":"https:\/\/milinmueble.com\/en\/reembolso_devoluciones\/","title":{"rendered":"Pol\u00edtica de devoluciones y reembolsos"},"content":{"rendered":"<p class=\"has-text-color has-link-color has-large-font-size wp-elements-4f83e4c2ccceafea0f1ec3e1c0d7a91f wp-block-paragraph\" style=\"color:#1c468b\"><strong>Pol\u00edtica de devoluciones y reembolsos<\/strong><\/p>\n\n\n\n<p class=\"wp-block-paragraph\"><\/p>\n\n\n\n<div class=\"wp-block-columns is-layout-flex wp-container-core-columns-is-layout-8f761849 wp-block-columns-is-layout-flex\">\n<div class=\"wp-block-column is-layout-flow wp-block-column-is-layout-flow\" style=\"flex-basis:66.66%\">\n<p class=\"has-black-color has-text-color has-link-color wp-elements-3fc98fca91edbbf219cd7a6e46c8b2ea wp-block-paragraph\"><strong>Perspectiva general:<\/strong><\/p>\n\n\n\n<p class=\"wp-block-paragraph\">Nuestra pol\u00edtica de reembolso y devoluciones dura 14 d\u00edas. Si han pasado 14 d\u00edas desde su compra, no podemos ofrecerle un reembolso o cambio completo.<\/p>\n\n\n\n<p class=\"wp-block-paragraph\">Para ser elegible para una devoluci\u00f3n, su anuncio debe contar contar con un error de contrataci\u00f3n. Tambi\u00e9n debe estar bajo nuestras pol\u00edticas de devoluci\u00f3n.<\/p>\n\n\n\n<p class=\"wp-block-paragraph\">Varios tipos de productos onlines est\u00e1n exentos de ser devueltos. Los productos perecederos como anuncios con m\u00e1s de 2 d\u00edas contratados no se pueden devolver. Tampoco podemos devolver el reembolso a una cuenta bancaria o tarjeta de debito y cr\u00e9dito que no sea de la misma persona que realizo la compra en nuestro sistema de pago online.<\/p>\n\n\n\n<p class=\"has-black-color has-text-color has-link-color wp-elements-433e39f6b7d13cf6fa2c8cae294c2e7c wp-block-paragraph\"><strong>Art\u00edculos adicionales no retornables:<\/strong><\/p>\n\n\n\n<p class=\"wp-block-paragraph\">Paquetes destacados con m\u00e1s de 2 d\u00edas publicados.<\/p>\n\n\n\n<p class=\"wp-block-paragraph\">Art\u00edculos, productos, recambios, y cualquier tipo de objetos publicados en esta plataforma que sea publicado por terceros. <\/p>\n\n\n\n<p class=\"has-black-color has-text-color has-link-color wp-elements-decfe83b34d09a1cf49d22282b990439 wp-block-paragraph\"><strong>Reembolsos<\/strong><\/p>\n\n\n\n<p class=\"wp-block-paragraph\">Una vez que su devoluci\u00f3n sea recibida e inspeccionada, le enviaremos un correo electr\u00f3nico para notificarle que hemos realizado el reembolso. Tambi\u00e9n le notificaremos la aprobaci\u00f3n o el rechazo de su reembolso.<\/p>\n\n\n\n<p class=\"wp-block-paragraph\">Si se le aprueba, se procesar\u00e1 su reembolso y se aplicar\u00e1 autom\u00e1ticamente un cr\u00e9dito a su tarjeta de cr\u00e9dito o m\u00e9todo de pago original, dentro de una cierta cantidad de d\u00edas.<\/p>\n\n\n\n<p class=\"has-black-color has-text-color has-link-color wp-elements-4482a1671ca3c648e5bab88aaea98790 wp-block-paragraph\"><strong>Reembolsos retrasados o faltantes:<\/strong><\/p>\n\n\n\n<p class=\"wp-block-paragraph\">Si a\u00fan no ha recibido un reembolso, primero vuelva a comprobar su cuenta bancaria.<\/p>\n\n\n\n<p class=\"wp-block-paragraph\">A continuaci\u00f3n, p\u00f3ngase en contacto con la compa\u00f1\u00eda de su tarjeta de cr\u00e9dito, puede pasar alg\u00fan tiempo antes de que su reembolso se publique oficialmente.<\/p>\n\n\n\n<p class=\"wp-block-paragraph\">Luego, p\u00f3ngase en contacto con su banco. A menudo hay alg\u00fan tiempo de procesamiento antes de que se publique un reembolso.<\/p>\n\n\n\n<p class=\"wp-block-paragraph\">Si ha hecho todo esto y a\u00fan no ha recibido su reembolso, p\u00f3ngase en contacto con nosotros en el formulario de <a href=\"https:\/\/\/en\/contacto\/\" data-type=\"page\" data-id=\"299\">contact<\/a>.<\/p>\n\n\n\n<p class=\"has-black-color has-text-color has-link-color wp-elements-80dc55eb0c130b5e9e3177ee6793d563 wp-block-paragraph\"><strong>Art\u00edculos en oferta<\/strong>:<\/p>\n\n\n\n<p class=\"wp-block-paragraph\">Solo se pueden reembolsar los art\u00edculos con precio normal. Los art\u00edculos en oferta no se pueden reembolsar.<\/p>\n\n\n\n<p class=\"wp-block-paragraph\">Dependiendo de d\u00f3nde viva, el tiempo que puede tardar su producto intercambiado en llegar a usted puede variar.<\/p>\n\n\n\n<p class=\"has-black-color has-text-color has-link-color wp-elements-e58b46e517a6920e503aeac8dfe86ad9 wp-block-paragraph\"><strong>\u00bfNecesitas ayuda?<\/strong><\/p>\n\n\n\n<p class=\"wp-block-paragraph\">P\u00f3ngase en contacto con nosotros en <a href=\"https:\/\/\/en\/contacto\/\" data-type=\"page\" data-id=\"299\">Customer care<\/a> para preguntas relacionadas con reembolsos y devoluciones.<\/p>\n<\/div>\n\n\n\n<div class=\"wp-block-column is-layout-flow wp-block-column-is-layout-flow\" style=\"flex-basis:33.33%\"><div class=\"wp-block-image\">\n<figure class=\"aligncenter size-full\"><img loading=\"lazy\" decoding=\"async\" width=\"537\" height=\"104\" src=\"\/\/\/wp-content\/uploads\/2023\/10\/Imagen13435354.png\" alt=\"LOGO MILINMUEBLE.COM\" class=\"wp-image-172\" srcset=\"https:\/\/milinmueble.com\/wp-content\/uploads\/2023\/10\/Imagen13435354.png 537w, https:\/\/milinmueble.com\/wp-content\/uploads\/2023\/10\/Imagen13435354-300x58.png 300w, https:\/\/milinmueble.com\/wp-content\/uploads\/2023\/10\/Imagen13435354-18x3.png 18w\" sizes=\"auto, (max-width: 537px) 100vw, 537px\" \/><\/figure>\n<\/div>\n\n\n<div class=\"wp-block-jetpack-contact-form has-background has-background\" style=\"background-color:#eeeeee;padding-top:16px;padding-right:16px;padding-bottom:16px;padding-left:16px\">\n\n\n\n\n\n<\/div>\n<\/div>\n<\/div>","protected":false},"excerpt":{"rendered":"<p>Pol\u00edtica de devoluciones y reembolsos<\/p>","protected":false},"author":1,"featured_media":687,"parent":0,"menu_order":0,"comment_status":"closed","ping_status":"closed","template":"","meta":{"_editorskit_title_hidden":false,"_editorskit_reading_time":0,"_editorskit_is_block_options_detached":false,"_editorskit_block_options_position":"{}","_crdt_document":"","_uag_custom_page_level_css":"","footnotes":""},"class_list":["post-207","page","type-page","status-publish","has-post-thumbnail","hentry"],"uagb_featured_image_src":{"full":["https:\/\/milinmueble.com\/wp-content\/uploads\/2023\/11\/LOGO-CUADRADO-FAVICOM.png",398,403,false],"thumbnail":["https:\/\/milinmueble.com\/wp-content\/uploads\/2023\/11\/LOGO-CUADRADO-FAVICOM-150x150.png",150,150,true],"medium":["https:\/\/milinmueble.com\/wp-content\/uploads\/2023\/11\/LOGO-CUADRADO-FAVICOM-296x300.png",296,300,true],"medium_large":["https:\/\/milinmueble.com\/wp-content\/uploads\/2023\/11\/LOGO-CUADRADO-FAVICOM.png",398,403,false],"large":["https:\/\/milinmueble.com\/wp-content\/uploads\/2023\/11\/LOGO-CUADRADO-FAVICOM.png",398,403,false],"1536x1536":["https:\/\/milinmueble.com\/wp-content\/uploads\/2023\/11\/LOGO-CUADRADO-FAVICOM.png",398,403,false],"2048x2048":["https:\/\/milinmueble.com\/wp-content\/uploads\/2023\/11\/LOGO-CUADRADO-FAVICOM.png",398,403,false],"trp-custom-language-flag":["https:\/\/milinmueble.com\/wp-content\/uploads\/2023\/11\/LOGO-CUADRADO-FAVICOM-12x12.png",12,12,true],"hp_square_small":["https:\/\/milinmueble.com\/wp-content\/uploads\/2023\/11\/LOGO-CUADRADO-FAVICOM-398x400.png",398,400,true],"hp_landscape_small":["https:\/\/milinmueble.com\/wp-content\/uploads\/2023\/11\/LOGO-CUADRADO-FAVICOM-398x300.png",398,300,true],"hp_landscape_large":["https:\/\/milinmueble.com\/wp-content\/uploads\/2023\/11\/LOGO-CUADRADO-FAVICOM.png",398,403,false],"ht_landscape_small":["https:\/\/milinmueble.com\/wp-content\/uploads\/2023\/11\/LOGO-CUADRADO-FAVICOM-398x300.png",398,300,true],"ht_cover_large":["https:\/\/milinmueble.com\/wp-content\/uploads\/2023\/11\/LOGO-CUADRADO-FAVICOM.png",398,403,false],"woocommerce_thumbnail":["https:\/\/milinmueble.com\/wp-content\/uploads\/2023\/11\/LOGO-CUADRADO-FAVICOM-398x400.png",398,400,true],"woocommerce_single":["https:\/\/milinmueble.com\/wp-content\/uploads\/2023\/11\/LOGO-CUADRADO-FAVICOM.png",398,403,false],"woocommerce_gallery_thumbnail":["https:\/\/milinmueble.com\/wp-content\/uploads\/2023\/11\/LOGO-CUADRADO-FAVICOM-100x100.png",100,100,true]},"uagb_author_info":{"display_name":"","author_link":"https:\/\/milinmueble.com\/en\/author\/"},"uagb_comment_info":0,"uagb_excerpt":"Pol\u00edtica de devoluciones y reembolsos","_links":{"self":[{"href":"https:\/\/milinmueble.com\/en\/wp-json\/wp\/v2\/pages\/207","targetHints":{"allow":["GET"]}}],"collection":[{"href":"https:\/\/milinmueble.com\/en\/wp-json\/wp\/v2\/pages"}],"about":[{"href":"https:\/\/milinmueble.com\/en\/wp-json\/wp\/v2\/types\/page"}],"author":[{"embeddable":true,"href":"https:\/\/milinmueble.com\/en\/wp-json\/wp\/v2\/users\/1"}],"replies":[{"embeddable":true,"href":"https:\/\/milinmueble.com\/en\/wp-json\/wp\/v2\/comments?post=207"}],"version-history":[{"count":7,"href":"https:\/\/milinmueble.com\/en\/wp-json\/wp\/v2\/pages\/207\/revisions"}],"predecessor-version":[{"id":885,"href":"https:\/\/milinmueble.com\/en\/wp-json\/wp\/v2\/pages\/207\/revisions\/885"}],"wp:featuredmedia":[{"embeddable":true,"href":"https:\/\/milinmueble.com\/en\/wp-json\/wp\/v2\/media\/687"}],"wp:attachment":[{"href":"https:\/\/milinmueble.com\/en\/wp-json\/wp\/v2\/media?parent=207"}],"curies":[{"name":"wp","href":"https:\/\/api.w.org\/{rel}","templated":true}]}}