{"id":291,"date":"2023-10-23T22:56:52","date_gmt":"2023-10-23T20:56:52","guid":{"rendered":"https:\/?page_id=291"},"modified":"2025-11-11T16:07:50","modified_gmt":"2025-11-11T15:07:50","slug":"aviso-de-privacidad","status":"publish","type":"page","link":"https:\/\/milinmueble.com\/en\/aviso-de-privacidad\/","title":{"rendered":"Privacy notice"},"content":{"rendered":"<div class=\"wp-block-columns alignfull has-text-color has-background has-link-color wp-elements-e6ec15649ba7a5d4bdcb4da84ec86f4f is-layout-flex wp-container-core-columns-is-layout-8f761849 wp-block-columns-is-layout-flex\" style=\"color:#1c468b;background-color:#f1f1f1\">\n<div class=\"wp-block-column is-layout-flow wp-block-column-is-layout-flow\">\n<p class=\"wp-block-paragraph\"><strong>Privacy notice<\/strong><\/p>\n<\/div>\n<\/div>\n\n\n\n<div class=\"wp-block-columns is-layout-flex wp-container-core-columns-is-layout-8f761849 wp-block-columns-is-layout-flex\">\n<div class=\"wp-block-column is-layout-flow wp-block-column-is-layout-flow\" style=\"flex-basis:66.66%\">\n<p class=\"wp-block-paragraph\"><\/p>\n\n\n\n<p class=\"has-black-color has-text-color has-link-color wp-elements-51ade823c3a0c92d9c425082ecdbfe8c wp-block-paragraph\"><strong>Responsables de la informaci\u00f3n<\/strong><\/p>\n\n\n\n<p class=\"wp-block-paragraph\">Milinmueble. Es el responsables del tratamiento de la informaci\u00f3n personal recabada y tratada a trav\u00e9s de los Servicios de Milinmueble. Se puede obtener m\u00e1s informaci\u00f3n en el formulario de\u00a0<a href=\"https:\/\/\/en\/contacto\/\" data-type=\"page\" data-id=\"299\">contact<\/a><\/p>\n\n\n\n<p class=\"wp-block-paragraph\"><strong>\u00bfQu\u00e9 informaci\u00f3n personal de clientes recaba Milinmueble?<\/strong><\/p>\n\n\n\n<p class=\"wp-block-paragraph\">Almacenamos tu informaci\u00f3n personal para prestar y mejorar de forma comercial nuestros productos y servicios.<\/p>\n\n\n\n<p class=\"wp-block-paragraph\">Estos son los tipos de informaci\u00f3n personal que almacenamos:<\/p>\n\n\n\n<ul class=\"wp-block-list\">\n<li><strong>Informaci\u00f3n que nos facilitas:&nbsp;<\/strong>recibimos y almacenamos toda la informaci\u00f3n que nos facilitas en relaci\u00f3n con los Servicios de Milinmueble. Puedes elegir no facilitar cierta informaci\u00f3n, pero si as\u00ed lo haces, no podr\u00e1s disfrutar de muchos de los Servicios de Milinmueble.<\/li>\n\n\n\n<li><strong>Informaci\u00f3n autom\u00e1tica:&nbsp;<\/strong>recopilamos y almacenamos de forma autom\u00e1tica ciertos tipos de informaci\u00f3n para nuestra base de datos para el uso de los Servicios de Milinmueble, incluyendo tu interacci\u00f3n con el contenido y los servicios disponibles a trav\u00e9s de los Servicios de Milinmueble. Por ejemplo, al igual que muchas otras p\u00e1ginas web, utilizamos \u201ccookies\u201d y otros identificadores \u00fanicos para recabar cierta informaci\u00f3n cuando tu navegador de Internet o tu dispositivo acceden a los Servicios de Milinmueble y otros tipos de contenidos qu\u00e9 son ofrecidos por parte de Milinmueble en otras p\u00e1ginas web.<\/li>\n\n\n\n<li><strong>Informaci\u00f3n procedente de otras fuentes:&nbsp;<\/strong>es posible que recibamos informaci\u00f3n sobre ti de otras fuentes, como, por ejemplo, informaci\u00f3n de nuestras redes sociales, que utilizamos para actualizar nuestra base de datos y registros.<\/li>\n<\/ul>\n\n\n\n<p class=\"wp-block-paragraph\"><strong>Reclamaciones sobre Propiedad Intelectual<\/strong><\/p>\n\n\n\n<p class=\"wp-block-paragraph\">Milinmueble toma encuenta la propiedad intelectual de terceros. Si consideras que tus derechos de propiedad intelectual han podido ser infringidos, te rogamos que hagas uso de nuestra Pol\u00edtica y Procedimiento de Reclamaciones por Infracci\u00f3n. Pol\u00edtica y Procedimiento de Reclamaciones por Infracci\u00f3n <a href=\"https:\/\/\/en\/infracciones\/\" data-type=\"page\" data-id=\"302\">(https:\/\/Milinmueble.com\/infracciones\/)<\/a><\/p>\n\n\n\n<p class=\"wp-block-paragraph\"><strong>Condiciones Generales sobre el Software de Milinmueble<\/strong><\/p>\n\n\n\n<p class=\"wp-block-paragraph\">El software, incluidas las actualizaciones, mejoras y cualquier otra documentaci\u00f3n relacionada con dicho software, que subimos en la red para tu disposici\u00f3n en cualquier momento en relaci\u00f3n con los Servicios de Milinmueble (el \u201cSoftware de Milinmueble\u201d) est\u00e1 sujeto, adem\u00e1s de las presentes Condiciones de Uso y Venta, a las condiciones que puedes encontrar en nuestras condiciones a continuaci\u00f3n.<\/p>\n\n\n\n<p class=\"wp-block-paragraph\"><strong>Ley aplicable<\/strong><\/p>\n\n\n\n<p class=\"wp-block-paragraph\">Las presentes condiciones se regir\u00e1n e interpretar\u00e1n de conformidad con las leyes de Espa\u00f1a (a excepci\u00f3n de sus disposiciones sobre conflicto de leyes), excluy\u00e9ndose igualmente y expresamente la aplicaci\u00f3n de la Convenci\u00f3n de las Naciones Unidas sobre los Contratos de Compraventa Internacional de Mercader\u00edas. En el caso que seas un consumidor y tienes tu residencia habitual en la Uni\u00f3n Europea, tambi\u00e9n contar\u00e1s con la protecci\u00f3n en algunos casos previstas en la legislaci\u00f3n de tu pa\u00eds de residencia. Milinmueble s\u00f3lo se compromete a someternos a la jurisdicci\u00f3n exclusiva de los tribunales de Espa\u00f1a, salvo que el Estado Espa\u00f1ol acepte la jurisdicci\u00f3n de otros pa\u00edses en el marco de las leyes internacionales, lo que significa que podr\u00e1s reclamar tus derechos como consumidor en relaci\u00f3n con las presentes Condiciones de Uso tanto en Madrid como en tu Pa\u00eds Miembro de residencia en la Uni\u00f3n Europea.<\/p>\n\n\n\n<p class=\"wp-block-paragraph\">La Comisi\u00f3n Europea ofrece una plataforma para la resoluci\u00f3n alternativa de conflictos cual puedes acceder aqu\u00ed:&nbsp;<a href=\"https:\/\/ec.europa.eu\/CONSUMERS\/ODR\/\">https:\/\/ec.europa.eu\/consumers\/odr\/<\/a>&nbsp;<a href=\"https:\/\/ec.europa.eu\/consumers\/odr\">https:\/\/ec.europa.eu\/consumers\/odr<\/a>. Si quieres comunicarnos cualquier asunto, por favor,&nbsp;cont\u00e1ctanos.<\/p>\n\n\n\n<p class=\"wp-block-paragraph\">Milinmueble no ser\u00e1 responsable de cualesquiera p\u00e9rdidas o incumplimiento que no fueran atribuibles a incumplimiento alguno por su parte, cuales quiera p\u00e9rdidas indirectas o de car\u00e1cter consecuencial que no fueran razonablemente previsibles por ambas partes en el momento en que el usuario hubiera comenzado a utilizar los Servicios de Milinmueble. Tampoco seremos responsable de ninguna demora o falta de cumplimiento de nuestras obligaciones derivadas de las presentes condiciones:&nbsp;<\/p>\n\n\n\n<p class=\"wp-block-paragraph\">Si dicha demora o falta de cumplimiento fuera atribuible a circunstancias ajenas a nuestro control razonable. Esta disposici\u00f3n no afecta al derecho del cliente a recibir el producto o la prestaci\u00f3n del correspondiente servicio en un plazo razonable, o a recibir el oportuno reembolso para el caso de que no pudi\u00e9ramos suministrarle tales productos o servicios en un plazo razonable por cualquier causa ajena a nuestro control razonable.<\/p>\n\n\n\n<p class=\"wp-block-paragraph\">Algunos pa\u00edses no cuentan con la legislaci\u00f3n de permitir algunos casos anteriormente nombrados, por lo que las leyes se rigen seg\u00fan tu Estado. En algunos casos nuestra plataforma no se hace responsable de las leyes de tu Estado salvo que hubieran acuerdos entre ambas partes en el derecho internacional. Nada de lo dispuesto en las presentes condiciones nos incluye en nuestra responsabilidad en caso de falsedad, ni en supuestos de fallecimiento o da\u00f1os personales atribuibles a nuestra plataforma.<\/p>\n\n\n\n<p class=\"wp-block-paragraph\"><strong>Modificaci\u00f3n del Servicio o Variaci\u00f3n de las Condiciones<\/strong><\/p>\n\n\n\n<p class=\"wp-block-paragraph\">Milinmueble se reserva al derecho a los cambios de los servicios de nuestra plataforma Milinmueble, en nuestras pol\u00edticas y en nuestros t\u00e9rminos y condiciones, incluyendo las presentes Condiciones de Uso y las Condiciones Generales de los Servicios, en cualquier momento. Quedar\u00e1s sujeto a los t\u00e9rminos y condiciones, pol\u00edticas, Condiciones de Uso y Condiciones Generales de los Servicios vigentes a la fecha en que utilices los Servicios de Milinmueble. Si alguna de las presentes Condiciones de Uso o de las Condiciones Generales de los Servicios fuera declarada inv\u00e1lida, nula o por cualquier causa ineficaz, dicha condici\u00f3n se entender\u00e1 excluida sin que dicha declaraci\u00f3n pueda afectar a la validez ni a la exigibilidad del resto de condiciones.<\/p>\n\n\n\n<p class=\"wp-block-paragraph\"><strong>Nuestros datos<\/strong><\/p>\n\n\n\n<p class=\"wp-block-paragraph\">El presente sitio web es propiedad de Milinmueble Marca registrada en Espa\u00f1a, que gestiona el dominio de Milinmueble.com, con patentes en distintos pa\u00edses, quien es responsable asimismo de su mantenimiento. Los t\u00e9rminos de uso y venta espec\u00edficos de otros Servicios de Milinmueble, por ejemplo, del servicio de anuncios y clasificados, publicidad, compra venta en general de propiedades y art\u00edculos relacionados, servicio de marketing, servicio de gesti\u00f3n de venta, servicio de asesor\u00eda, servicio de dise\u00f1o y audio visi\u00f3n, y todo lo relacionado que pueden encontrarse dentro de este sitio web.<\/p>\n\n\n\n<p class=\"wp-block-paragraph\"><strong>Informaci\u00f3n sobre Milinmueble.<\/strong><\/p>\n\n\n\n<p class=\"wp-block-paragraph\"><strong>Procedimiento y formulario de aviso de vulneraci\u00f3n de derechos de la propiedad intelectual<\/strong><\/p>\n\n\n\n<p class=\"wp-block-paragraph\">Si consideras que tus derechos de propiedad intelectual han sido vulnerados y eres el propietario de dichos derechos de autor o propiedad intelectual, te invitamos a iniciar sesi\u00f3n en este servicio y a remitir tu reclamaci\u00f3n a trav\u00e9s de los formularios de contacto.&nbsp; Este formulario puede utilizarse para notificar cualquier tipo de reclamaci\u00f3n de derechos de propiedad intelectual incluyendo, sin limitaci\u00f3n, reclamaciones relacionadas con derechos de propiedad intelectual, marcas, dise\u00f1os y patentes.<\/p>\n\n\n\n<p class=\"wp-block-paragraph\"><strong>Aviso importante<\/strong>: Facilitar informaci\u00f3n falsa, enga\u00f1osa o incorrecta en el Formulario de Aviso puede dar lugar a responsabilidades tanto civiles como penales. Si tienes dudas al respecto, te recomendamos que consultes con tu asesor legal.<\/p>\n<\/div>\n\n\n\n<div class=\"wp-block-column is-layout-flow wp-block-column-is-layout-flow\" style=\"flex-basis:33.33%\"><\/div>\n<\/div>","protected":false},"excerpt":{"rendered":"<p>Privacy notice<\/p>","protected":false},"author":235586845,"featured_media":687,"parent":0,"menu_order":0,"comment_status":"closed","ping_status":"closed","template":"","meta":{"_editorskit_title_hidden":false,"_editorskit_reading_time":0,"_editorskit_is_block_options_detached":false,"_editorskit_block_options_position":"{}","_crdt_document":"","_uag_custom_page_level_css":"","footnotes":""},"class_list":["post-291","page","type-page","status-publish","has-post-thumbnail","hentry"],"uagb_featured_image_src":{"full":["https:\/\/milinmueble.com\/wp-content\/uploads\/2023\/11\/LOGO-CUADRADO-FAVICOM.png",398,403,false],"thumbnail":["https:\/\/milinmueble.com\/wp-content\/uploads\/2023\/11\/LOGO-CUADRADO-FAVICOM-150x150.png",150,150,true],"medium":["https:\/\/milinmueble.com\/wp-content\/uploads\/2023\/11\/LOGO-CUADRADO-FAVICOM-296x300.png",296,300,true],"medium_large":["https:\/\/milinmueble.com\/wp-content\/uploads\/2023\/11\/LOGO-CUADRADO-FAVICOM.png",398,403,false],"large":["https:\/\/milinmueble.com\/wp-content\/uploads\/2023\/11\/LOGO-CUADRADO-FAVICOM.png",398,403,false],"1536x1536":["https:\/\/milinmueble.com\/wp-content\/uploads\/2023\/11\/LOGO-CUADRADO-FAVICOM.png",398,403,false],"2048x2048":["https:\/\/milinmueble.com\/wp-content\/uploads\/2023\/11\/LOGO-CUADRADO-FAVICOM.png",398,403,false],"trp-custom-language-flag":["https:\/\/milinmueble.com\/wp-content\/uploads\/2023\/11\/LOGO-CUADRADO-FAVICOM-12x12.png",12,12,true],"hp_square_small":["https:\/\/milinmueble.com\/wp-content\/uploads\/2023\/11\/LOGO-CUADRADO-FAVICOM-398x400.png",398,400,true],"hp_landscape_small":["https:\/\/milinmueble.com\/wp-content\/uploads\/2023\/11\/LOGO-CUADRADO-FAVICOM-398x300.png",398,300,true],"hp_landscape_large":["https:\/\/milinmueble.com\/wp-content\/uploads\/2023\/11\/LOGO-CUADRADO-FAVICOM.png",398,403,false],"ht_landscape_small":["https:\/\/milinmueble.com\/wp-content\/uploads\/2023\/11\/LOGO-CUADRADO-FAVICOM-398x300.png",398,300,true],"ht_cover_large":["https:\/\/milinmueble.com\/wp-content\/uploads\/2023\/11\/LOGO-CUADRADO-FAVICOM.png",398,403,false],"woocommerce_thumbnail":["https:\/\/milinmueble.com\/wp-content\/uploads\/2023\/11\/LOGO-CUADRADO-FAVICOM-398x400.png",398,400,true],"woocommerce_single":["https:\/\/milinmueble.com\/wp-content\/uploads\/2023\/11\/LOGO-CUADRADO-FAVICOM.png",398,403,false],"woocommerce_gallery_thumbnail":["https:\/\/milinmueble.com\/wp-content\/uploads\/2023\/11\/LOGO-CUADRADO-FAVICOM-100x100.png",100,100,true]},"uagb_author_info":{"display_name":"milinmueble","author_link":"https:\/\/milinmueble.com\/en\/author\/milinmueble\/"},"uagb_comment_info":0,"uagb_excerpt":"Aviso de Privacidad","_links":{"self":[{"href":"https:\/\/milinmueble.com\/en\/wp-json\/wp\/v2\/pages\/291","targetHints":{"allow":["GET"]}}],"collection":[{"href":"https:\/\/milinmueble.com\/en\/wp-json\/wp\/v2\/pages"}],"about":[{"href":"https:\/\/milinmueble.com\/en\/wp-json\/wp\/v2\/types\/page"}],"author":[{"embeddable":true,"href":"https:\/\/milinmueble.com\/en\/wp-json\/wp\/v2\/users\/235586845"}],"replies":[{"embeddable":true,"href":"https:\/\/milinmueble.com\/en\/wp-json\/wp\/v2\/comments?post=291"}],"version-history":[{"count":14,"href":"https:\/\/milinmueble.com\/en\/wp-json\/wp\/v2\/pages\/291\/revisions"}],"predecessor-version":[{"id":4021,"href":"https:\/\/milinmueble.com\/en\/wp-json\/wp\/v2\/pages\/291\/revisions\/4021"}],"wp:featuredmedia":[{"embeddable":true,"href":"https:\/\/milinmueble.com\/en\/wp-json\/wp\/v2\/media\/687"}],"wp:attachment":[{"href":"https:\/\/milinmueble.com\/en\/wp-json\/wp\/v2\/media?parent=291"}],"curies":[{"name":"wp","href":"https:\/\/api.w.org\/{rel}","templated":true}]}}