{"id":2058,"date":"2024-09-17T11:39:39","date_gmt":"2024-09-17T09:39:39","guid":{"rendered":"https:\/?post_type=product&#038;p=2058"},"modified":"2024-09-17T11:57:25","modified_gmt":"2024-09-17T09:57:25","slug":"curso-para-ser-agente-inmobiliario","status":"publish","type":"product","link":"https:\/\/milinmueble.com\/en\/product\/curso-para-ser-agente-inmobiliario\/","title":{"rendered":"Curso para ser agente inmobiliario"},"content":{"rendered":"<p><strong>El curso de formaci\u00f3n acad\u00e9mica para ser agente inmobiliario por cuenta propia y por cuenta ajena, ser\u00e1 realizado en la ciudad de Valencia, Espa\u00f1a, los primeros 15 d\u00edas del mes octubre 2024, de forma telem\u00e1tica y presencial, la duraci\u00f3n del curso es de 2 meses aproximados, en horarios flexibles.<\/strong><\/p>\n<p>El curso incluye toda la formaci\u00f3n y asistencia t\u00e9cnica para ejercer tu trabajo como agente inmobiliario, en caso de ser aut\u00f3nomo y empresa, Milinmueble te ayudar\u00e1 en todo el proceso de constituci\u00f3n y asesoramiento para que puedas realizar tu emprendimiento con mayor seguridad, nuestra formaci\u00f3n es mas que un curso es una asesor\u00eda y gesti\u00f3n avanzada para que abras tu propio negocio.<\/p>\n<p><a href=\"https:\/\/\/en\/academia\/\">Inscribirme aqu\u00ed\u00a0<\/a><\/p>\n<h3 class=\"wp-block-heading\">\u00bfPor qu\u00e9 es importante capacitarse en el sector inmobiliario?<\/h3>\n<p>El sector inmobiliario est\u00e1 compuesto por una amplia gama de actividades que incluyen la <strong>compra, venta, alquiler, promoci\u00f3n y administraci\u00f3n de bienes ra\u00edces<\/strong>. Para desarrollarse exitosamente en este campo, es esencial contar con una preparaci\u00f3n adecuada, que permita entender no solo las operaciones comerciales, sino tambi\u00e9n los aspectos t\u00e9cnicos, financieros y legales involucrados.<\/p>\n<p><a href=\"https:\/\/\/en\/academia\/\">M\u00e1s detalles aqu\u00ed\u00a0<\/a><\/p>","protected":false},"excerpt":{"rendered":"<p><strong>Inscr\u00edbete en la Academia de Milinmueble para empezar a conocer el mundo de los bienes ra\u00edces en Espa\u00f1a, Europa y el Mundo!<\/strong><\/p>\n<p>Milinmueble te formar\u00e1 paso a paso para constituir tu propia inmobiliaria, y te instruir\u00e1 en todo los secretos que hay detr\u00e1s del mundo inmobiliario, as\u00ed como la formaci\u00f3n en el mercado de bienes ra\u00edces y actualidad del mercado en general.<\/p>\n<p><b>\u00a0<\/b><\/p>","protected":false},"featured_media":2049,"comment_status":"open","ping_status":"closed","template":"","meta":{"_editorskit_title_hidden":false,"_editorskit_reading_time":0,"_editorskit_is_block_options_detached":false,"_editorskit_block_options_position":"{}","_crdt_document":"","_uag_custom_page_level_css":""},"product_brand":[],"product_cat":[122542],"product_tag":[],"class_list":{"0":"post-2058","1":"product","2":"type-product","3":"status-publish","4":"has-post-thumbnail","6":"product_cat-academia","8":"first","9":"instock","10":"virtual","11":"taxable","12":"purchasable","13":"product-type-simple"},"uagb_featured_image_src":{"full":["https:\/\/milinmueble.com\/wp-content\/uploads\/2024\/09\/img_8698-1.jpg",1124,814,false],"thumbnail":["https:\/\/milinmueble.com\/wp-content\/uploads\/2024\/09\/img_8698-1-150x150.jpg",150,150,true],"medium":["https:\/\/milinmueble.com\/wp-content\/uploads\/2024\/09\/img_8698-1-300x217.jpg",300,217,true],"medium_large":["https:\/\/milinmueble.com\/wp-content\/uploads\/2024\/09\/img_8698-1-768x556.jpg",749,542,true],"large":["https:\/\/milinmueble.com\/wp-content\/uploads\/2024\/09\/img_8698-1-1024x742.jpg",749,543,true],"1536x1536":["https:\/\/milinmueble.com\/wp-content\/uploads\/2024\/09\/img_8698-1.jpg",1124,814,false],"2048x2048":["https:\/\/milinmueble.com\/wp-content\/uploads\/2024\/09\/img_8698-1.jpg",1124,814,false],"trp-custom-language-flag":["https:\/\/milinmueble.com\/wp-content\/uploads\/2024\/09\/img_8698-1-18x12.jpg",18,12,true],"hp_square_small":["https:\/\/milinmueble.com\/wp-content\/uploads\/2024\/09\/img_8698-1-400x400.jpg",400,400,true],"hp_landscape_small":["https:\/\/milinmueble.com\/wp-content\/uploads\/2024\/09\/img_8698-1-400x300.jpg",400,300,true],"hp_landscape_large":["https:\/\/milinmueble.com\/wp-content\/uploads\/2024\/09\/img_8698-1-800x600.jpg",800,600,true],"ht_landscape_small":["https:\/\/milinmueble.com\/wp-content\/uploads\/2024\/09\/img_8698-1-400x300.jpg",400,300,true],"ht_cover_large":["https:\/\/milinmueble.com\/wp-content\/uploads\/2024\/09\/img_8698-1-1124x800.jpg",1124,800,true],"woocommerce_thumbnail":["https:\/\/milinmueble.com\/wp-content\/uploads\/2024\/09\/img_8698-1-400x400.jpg",400,400,true],"woocommerce_single":["https:\/\/milinmueble.com\/wp-content\/uploads\/2024\/09\/img_8698-1-600x435.jpg",600,435,true],"woocommerce_gallery_thumbnail":["https:\/\/milinmueble.com\/wp-content\/uploads\/2024\/09\/img_8698-1-100x100.jpg",100,100,true]},"uagb_author_info":{"display_name":"milinmueble","author_link":"https:\/\/milinmueble.com\/en\/author\/"},"uagb_comment_info":0,"uagb_excerpt":"Inscr\u00edbete en la Academia de Milinmueble para empezar a conocer el mundo de los bienes ra\u00edces en Espa\u00f1a, Europa y el Mundo! Milinmueble te formar\u00e1 paso a paso para constituir tu propia inmobiliaria, y te instruir\u00e1 en todo los secretos que hay detr\u00e1s del mundo inmobiliario, as\u00ed como la formaci\u00f3n en el mercado de bienes&hellip;","_links":{"self":[{"href":"https:\/\/milinmueble.com\/en\/wp-json\/wp\/v2\/product\/2058","targetHints":{"allow":["GET"]}}],"collection":[{"href":"https:\/\/milinmueble.com\/en\/wp-json\/wp\/v2\/product"}],"about":[{"href":"https:\/\/milinmueble.com\/en\/wp-json\/wp\/v2\/types\/product"}],"replies":[{"embeddable":true,"href":"https:\/\/milinmueble.com\/en\/wp-json\/wp\/v2\/comments?post=2058"}],"wp:featuredmedia":[{"embeddable":true,"href":"https:\/\/milinmueble.com\/en\/wp-json\/wp\/v2\/media\/2049"}],"wp:attachment":[{"href":"https:\/\/milinmueble.com\/en\/wp-json\/wp\/v2\/media?parent=2058"}],"wp:term":[{"taxonomy":"product_brand","embeddable":true,"href":"https:\/\/milinmueble.com\/en\/wp-json\/wp\/v2\/product_brand?post=2058"},{"taxonomy":"product_cat","embeddable":true,"href":"https:\/\/milinmueble.com\/en\/wp-json\/wp\/v2\/product_cat?post=2058"},{"taxonomy":"product_tag","embeddable":true,"href":"https:\/\/milinmueble.com\/en\/wp-json\/wp\/v2\/product_tag?post=2058"}],"curies":[{"name":"wp","href":"https:\/\/api.w.org\/{rel}","templated":true}]}}