{"id":2190,"date":"2024-10-04T12:04:21","date_gmt":"2024-10-04T10:04:21","guid":{"rendered":"https:\/?post_type=product&#038;p=2190"},"modified":"2024-10-04T12:08:25","modified_gmt":"2024-10-04T10:08:25","slug":"marketing","status":"publish","type":"product","link":"https:\/\/milinmueble.com\/en\/product\/marketing\/","title":{"rendered":"Marketing"},"content":{"rendered":"<p>Este paquete de promoci\u00f3n incluye una duraci\u00f3n limitada de 1 a\u00f1o, con posibilidad de pr\u00f3rroga, y se realiza mediante un \u00fanico pago. Adem\u00e1s, los anunciantes obtendr\u00e1n visibilidad adicional en nuestras redes sociales, newsletter, eventos, temas especializados y m\u00e1s, maximizando su exposici\u00f3n y alcanzando una audiencia altamente segmentada en el sector inmobiliario. \u00a1Una oportunidad \u00fanica para aumentar el alcance de su negocio!<\/p>\n<p>&nbsp;<\/p>","protected":false},"excerpt":{"rendered":"<p><span style=\"color: #333399;\"><strong>Milinmueble.com<\/strong> <\/span>presenta su producto de marketing digital exclusivo para anunciantes, brindando la oportunidad de destacar su marca mediante anuncios publicitarios y banners estrat\u00e9gicamente ubicados en art\u00edculos y anuncios clasificados dentro de nuestra plataforma.<\/p>\n<p>&nbsp;<\/p>","protected":false},"featured_media":2192,"comment_status":"closed","ping_status":"closed","template":"","meta":{"_editorskit_title_hidden":false,"_editorskit_reading_time":0,"_editorskit_is_block_options_detached":false,"_editorskit_block_options_position":"{}","_crdt_document":"","_uag_custom_page_level_css":""},"product_brand":[],"product_cat":[122217],"product_tag":[],"class_list":{"0":"post-2190","1":"product","2":"type-product","3":"status-publish","4":"has-post-thumbnail","6":"product_cat-publicidad","8":"first","9":"instock","10":"virtual","11":"taxable","12":"purchasable","13":"product-type-simple"},"uagb_featured_image_src":{"full":["https:\/\/milinmueble.com\/wp-content\/uploads\/2024\/10\/marketing.jpg",1107,1137,false],"thumbnail":["https:\/\/milinmueble.com\/wp-content\/uploads\/2024\/10\/marketing-150x150.jpg",150,150,true],"medium":["https:\/\/milinmueble.com\/wp-content\/uploads\/2024\/10\/marketing-292x300.jpg",292,300,true],"medium_large":["https:\/\/milinmueble.com\/wp-content\/uploads\/2024\/10\/marketing-768x789.jpg",749,769,true],"large":["https:\/\/milinmueble.com\/wp-content\/uploads\/2024\/10\/marketing-997x1024.jpg",749,769,true],"1536x1536":["https:\/\/milinmueble.com\/wp-content\/uploads\/2024\/10\/marketing.jpg",1107,1137,false],"2048x2048":["https:\/\/milinmueble.com\/wp-content\/uploads\/2024\/10\/marketing.jpg",1107,1137,false],"trp-custom-language-flag":["https:\/\/milinmueble.com\/wp-content\/uploads\/2024\/10\/marketing-12x12.jpg",12,12,true],"hp_square_small":["https:\/\/milinmueble.com\/wp-content\/uploads\/2024\/10\/marketing-400x400.jpg",400,400,true],"hp_landscape_small":["https:\/\/milinmueble.com\/wp-content\/uploads\/2024\/10\/marketing-400x300.jpg",400,300,true],"hp_landscape_large":["https:\/\/milinmueble.com\/wp-content\/uploads\/2024\/10\/marketing-800x600.jpg",800,600,true],"ht_landscape_small":["https:\/\/milinmueble.com\/wp-content\/uploads\/2024\/10\/marketing-400x300.jpg",400,300,true],"ht_cover_large":["https:\/\/milinmueble.com\/wp-content\/uploads\/2024\/10\/marketing-1107x800.jpg",1107,800,true],"woocommerce_thumbnail":["https:\/\/milinmueble.com\/wp-content\/uploads\/2024\/10\/marketing-400x400.jpg",400,400,true],"woocommerce_single":["https:\/\/milinmueble.com\/wp-content\/uploads\/2024\/10\/marketing-600x616.jpg",600,616,true],"woocommerce_gallery_thumbnail":["https:\/\/milinmueble.com\/wp-content\/uploads\/2024\/10\/marketing-100x100.jpg",100,100,true]},"uagb_author_info":{"display_name":"milinmueble","author_link":"https:\/\/milinmueble.com\/en\/author\/"},"uagb_comment_info":0,"uagb_excerpt":"Milinmueble.com presenta su producto de marketing digital exclusivo para anunciantes, brindando la oportunidad de destacar su marca mediante anuncios publicitarios y banners estrat\u00e9gicamente ubicados en art\u00edculos y anuncios clasificados dentro de nuestra plataforma. &nbsp;","_links":{"self":[{"href":"https:\/\/milinmueble.com\/en\/wp-json\/wp\/v2\/product\/2190","targetHints":{"allow":["GET"]}}],"collection":[{"href":"https:\/\/milinmueble.com\/en\/wp-json\/wp\/v2\/product"}],"about":[{"href":"https:\/\/milinmueble.com\/en\/wp-json\/wp\/v2\/types\/product"}],"replies":[{"embeddable":true,"href":"https:\/\/milinmueble.com\/en\/wp-json\/wp\/v2\/comments?post=2190"}],"wp:featuredmedia":[{"embeddable":true,"href":"https:\/\/milinmueble.com\/en\/wp-json\/wp\/v2\/media\/2192"}],"wp:attachment":[{"href":"https:\/\/milinmueble.com\/en\/wp-json\/wp\/v2\/media?parent=2190"}],"wp:term":[{"taxonomy":"product_brand","embeddable":true,"href":"https:\/\/milinmueble.com\/en\/wp-json\/wp\/v2\/product_brand?post=2190"},{"taxonomy":"product_cat","embeddable":true,"href":"https:\/\/milinmueble.com\/en\/wp-json\/wp\/v2\/product_cat?post=2190"},{"taxonomy":"product_tag","embeddable":true,"href":"https:\/\/milinmueble.com\/en\/wp-json\/wp\/v2\/product_tag?post=2190"}],"curies":[{"name":"wp","href":"https:\/\/api.w.org\/{rel}","templated":true}]}}